{"id":18259,"date":"2026-02-02T12:36:46","date_gmt":"2026-02-02T12:36:46","guid":{"rendered":"https:\/\/www.bellyfiction.com\/?page_id=18259"},"modified":"2026-03-21T20:38:36","modified_gmt":"2026-03-21T20:38:36","slug":"preisinformation","status":"publish","type":"page","link":"https:\/\/www.bellyfiction.com\/de\/price-information\/","title":{"rendered":"Preisinformation"},"content":{"rendered":"<div data-elementor-type=\"wp-page\" data-elementor-id=\"18259\" class=\"elementor elementor-18259\">\n\t\t\t\t<div data-ekitparallax=\"{&quot;ekit_section_parallax_bg&quot;:&quot;yes&quot;,&quot;ekit_section_parallax_bg_speed&quot;:0.5,&quot;elementor_lazy_load&quot;:&quot;1&quot;}\" class=\"elementor-element elementor-element-a4e1783 e-flex e-con-boxed e-con e-parent\" data-id=\"a4e1783\" data-element_type=\"container\" data-e-type=\"container\" data-settings=\"{&quot;background_background&quot;:&quot;classic&quot;}\">\n\t\t\t\t\t<div class=\"e-con-inner\">\n\t\t<div class=\"elementor-element elementor-element-7bde040a e-con-full e-flex e-con e-child\" data-id=\"7bde040a\" data-element_type=\"container\" data-e-type=\"container\">\n\t\t\t\t<div class=\"elementor-element elementor-element-36c7e1e8 at-heading-animation at-animation-heading-style-3 elementor-widget elementor-widget-heading\" data-id=\"36c7e1e8\" data-element_type=\"widget\" data-e-type=\"widget\" data-settings=\"{&quot;ekit_we_effect_on&quot;:&quot;none&quot;}\" data-widget_type=\"heading.default\">\n\t\t\t\t\t<h1 class=\"elementor-heading-title elementor-size-default\">Preisgestaltung Bellyfiction 2026<\/h1>\t\t\t\t<\/div>\n\t\t\t\t<div class=\"elementor-element elementor-element-e336665 elementor-invisible elementor-widget elementor-widget-wildex-breadcrumb\" data-id=\"e336665\" data-element_type=\"widget\" data-e-type=\"widget\" data-settings=\"{&quot;_animation&quot;:&quot;fadeInUp&quot;,&quot;ekit_we_effect_on&quot;:&quot;none&quot;}\" data-widget_type=\"wildex-breadcrumb.default\">\n\t\t\t\t<div class=\"elementor-widget-container\">\n\t\t\t\t\t<div role=\"navigation\" aria-label=\"Breadcrumbs\" class=\"breadcrumb-trail breadcrumbs\"><ol class=\"trail-items\"><li class=\"trail-item trail-end\"><a href=\"https:\/\/www.bellyfiction.com\/de\/\" rel=\"home\"><span>Home<\/span><\/a><\/li><\/ol><\/div>\t\t\t\t<\/div>\n\t\t\t\t<\/div>\n\t\t\t\t<\/div>\n\t\t\t\t\t<\/div>\n\t\t\t\t<\/div>\n\t\t<div class=\"elementor-element elementor-element-3aaca3ed e-flex e-con-boxed e-con e-parent\" data-id=\"3aaca3ed\" data-element_type=\"container\" data-e-type=\"container\" data-settings=\"{&quot;background_background&quot;:&quot;classic&quot;}\">\n\t\t\t\t\t<div class=\"e-con-inner\">\n\t\t<div class=\"elementor-element elementor-element-4cdce459 e-con-full e-flex e-con e-child\" data-id=\"4cdce459\" data-element_type=\"container\" data-e-type=\"container\">\n\t\t\t\t<div class=\"elementor-element elementor-element-5ba8a003 section-title at-heading-animation at-animation-heading-none elementor-invisible elementor-widget elementor-widget-heading\" data-id=\"5ba8a003\" data-element_type=\"widget\" data-e-type=\"widget\" data-settings=\"{&quot;_animation&quot;:&quot;fadeInUp&quot;,&quot;ekit_we_effect_on&quot;:&quot;none&quot;}\" data-widget_type=\"heading.default\">\n\t\t\t\t\t<h3 class=\"elementor-heading-title elementor-size-default\">Klare Preisgestaltung &amp; optionale Upgrades<\/h3>\t\t\t\t<\/div>\n\t\t\t\t<div class=\"elementor-element elementor-element-6a29e7e3 at-heading-animation at-animation-heading-style-4 elementor-widget elementor-widget-heading\" data-id=\"6a29e7e3\" data-element_type=\"widget\" data-e-type=\"widget\" data-settings=\"{&quot;ekit_we_effect_on&quot;:&quot;none&quot;}\" data-widget_type=\"heading.default\">\n\t\t\t\t\t<h2 class=\"elementor-heading-title elementor-size-default\">Informationen zur Preisgestaltung<\/h2>\t\t\t\t<\/div>\n\t\t\t\t<div class=\"elementor-element elementor-element-242d4d01 elementor-invisible elementor-widget elementor-widget-text-editor\" data-id=\"242d4d01\" data-element_type=\"widget\" data-e-type=\"widget\" data-settings=\"{&quot;_animation&quot;:&quot;fadeInUp&quot;,&quot;_animation_delay&quot;:100,&quot;ekit_we_effect_on&quot;:&quot;none&quot;}\" data-widget_type=\"text-editor.default\">\n\t\t\t\t\t\t\t\t\t<p>Bellyfiction ist so konzipiert, dass es transparent und zug\u00e4nglich ist, mit klaren Preisen und optionalen Upgrades f\u00fcr Angler, die zus\u00e4tzlichen Komfort oder Exklusivit\u00e4t w\u00fcnschen. Im Folgenden finden Sie eine einfache \u00dcbersicht \u00fcber alle Kosten und Zusatzoptionen.<\/p><h4 data-start=\"467\" data-end=\"488\">\ud83c\udf9f\ufe0f Veranstaltungsticket<\/h4><p data-start=\"489\" data-end=\"607\">Das Standardticket f\u00fcr die Teilnahme an Bellyfiction beinhaltet den vollen Zugang zum Wettbewerb, zu den Einrichtungen und zum Veranstaltungsprogramm.<\/p><p data-start=\"611\" data-end=\"630\"><strong data-start=\"611\" data-end=\"630\">\u20ac149 per person<\/strong><\/p>\t\t\t\t\t\t\t\t<\/div>\n\t\t<div class=\"elementor-element elementor-element-119acecf e-con-full e-flex e-con e-child\" data-id=\"119acecf\" data-element_type=\"container\" data-e-type=\"container\">\n\t\t<div class=\"elementor-element elementor-element-32a52520 e-con-full e-flex elementor-invisible e-con e-child\" data-id=\"32a52520\" data-element_type=\"container\" data-e-type=\"container\" data-settings=\"{&quot;animation&quot;:&quot;fadeInUp&quot;,&quot;animation_delay&quot;:300}\">\n\t\t\t\t<div class=\"elementor-element elementor-element-3ea2c0c7 elementor-widget elementor-widget-text-editor\" data-id=\"3ea2c0c7\" data-element_type=\"widget\" data-e-type=\"widget\" data-settings=\"{&quot;ekit_we_effect_on&quot;:&quot;none&quot;}\" data-widget_type=\"text-editor.default\">\n\t\t\t\t\t\t\t\t\t<h4 data-start=\"1146\" data-end=\"1176\">\ud83c\udfd5\ufe0f Unterkunftsm\u00f6glichkeiten<\/h4><p data-start=\"1177\" data-end=\"1228\">Die Teilnehmer k\u00f6nnen w\u00e4hrend der gesamten Veranstaltung vor Ort bleiben:<\/p><p data-start=\"1232\" data-end=\"1283\"><strong data-start=\"1232\" data-end=\"1244\">Camping:<\/strong> 35 \u20ac pro Person (einschlie\u00dflich Fr\u00fchst\u00fcck)<br \/><strong data-start=\"1286\" data-end=\"1307\">Wohnwagen\/Wohnmobil:<\/strong> 15 \u20ac Aufpreis pro Einheit<\/p>\t\t\t\t\t\t\t\t<\/div>\n\t\t\t\t<\/div>\n\t\t<div class=\"elementor-element elementor-element-37f89787 e-con-full e-flex elementor-invisible e-con e-child\" data-id=\"37f89787\" data-element_type=\"container\" data-e-type=\"container\" data-settings=\"{&quot;animation&quot;:&quot;fadeInUp&quot;,&quot;animation_delay&quot;:200}\">\n\t\t\t\t<div class=\"elementor-element elementor-element-19172d1e elementor-widget elementor-widget-text-editor\" data-id=\"19172d1e\" data-element_type=\"widget\" data-e-type=\"widget\" data-settings=\"{&quot;ekit_we_effect_on&quot;:&quot;none&quot;}\" data-widget_type=\"text-editor.default\">\n\t\t\t\t\t\t\t\t\t<h4 data-start=\"699\" data-end=\"797\">VIP- und Luxus-Upgrades<\/h4><p data-start=\"699\" data-end=\"797\">F\u00fcr Angler, die ein noch exklusiveres und komfortableres Erlebnis suchen, bieten wir Premium-Upgrade-Optionen an:<\/p><p data-start=\"801\" data-end=\"909\"><strong data-start=\"801\" data-end=\"820\">VIP-Platz - \u20ac200<\/strong><br data-start=\"820\" data-end=\"823\" \/>Ein exklusiver privater Angelplatz mit besonders viel Platz, Privatsph\u00e4re und einer erstklassigen Lage.<\/p><p data-start=\"913\" data-end=\"1044\"><strong data-start=\"913\" data-end=\"933\">VIP-Kabine - \u20ac500<\/strong><br data-start=\"933\" data-end=\"936\" \/>Eine voll ausgestattete Fischerh\u00fctte, die maximalen Komfort, Schutz und einen festen Standort w\u00e4hrend der Veranstaltung bietet.<\/p><p data-start=\"1046\" data-end=\"1139\"><strong>Beide VIP-Optionen sind nur in begrenztem Umfang verf\u00fcgbar und werden nach dem Prinzip \"Wer zuerst kommt, mahlt zuerst\" angeboten.<\/strong><\/p>\t\t\t\t\t\t\t\t<\/div>\n\t\t\t\t<\/div>\n\t\t<div class=\"elementor-element elementor-element-2003240 e-con-full e-flex elementor-invisible e-con e-child\" data-id=\"2003240\" data-element_type=\"container\" data-e-type=\"container\" data-settings=\"{&quot;animation&quot;:&quot;fadeInUp&quot;,&quot;animation_delay&quot;:200}\">\n\t\t\t\t<div class=\"elementor-element elementor-element-4dc562b elementor-widget elementor-widget-text-editor\" data-id=\"4dc562b\" data-element_type=\"widget\" data-e-type=\"widget\" data-settings=\"{&quot;ekit_we_effect_on&quot;:&quot;none&quot;}\" data-widget_type=\"text-editor.default\">\n\t\t\t\t\t\t\t\t\t<h4 data-start=\"1337\" data-end=\"1382\">\u2795 Sonderausstattungen (begrenzte Verf\u00fcgbarkeit)<\/h4><p data-start=\"1383\" data-end=\"1440\">Verbessern Sie Ihren Aufenthalt mit zus\u00e4tzlichen Dienstleistungen und Ger\u00e4ten:<\/p><p data-start=\"1444\" data-end=\"1466\"><strong data-start=\"1444\" data-end=\"1460\">VIP-Parken:<\/strong> \u20ac25<br \/><strong data-start=\"1469\" data-end=\"1496\">Boot + Batterie + Motor:<\/strong> \u20ac125<br \/><strong data-start=\"1506\" data-end=\"1529\">Golfwagen - Normal:<\/strong> \u20ac110<br \/><strong data-start=\"1539\" data-end=\"1563\">Golfwagen - Bigfoot:<\/strong> \u20ac160<\/p>\t\t\t\t\t\t\t\t<\/div>\n\t\t\t\t<div class=\"elementor-element elementor-element-34eb021f elementor-widget elementor-widget-button\" data-id=\"34eb021f\" data-element_type=\"widget\" data-e-type=\"widget\" data-settings=\"{&quot;ekit_we_effect_on&quot;:&quot;none&quot;}\" data-widget_type=\"button.default\">\n\t\t\t\t\t\t\t\t\t\t<a class=\"elementor-button elementor-button-link elementor-size-sm\" href=\"\/de\/ticket-buchen\/\">\n\t\t\t\t\t\t<span class=\"elementor-button-content-wrapper\">\n\t\t\t\t\t\t\t\t\t<span class=\"elementor-button-text\">Ticket buchen<\/span>\n\t\t\t\t\t<\/span>\n\t\t\t\t\t<\/a>\n\t\t\t\t\t\t\t\t<\/div>\n\t\t\t\t<\/div>\n\t\t\t\t<\/div>\n\t\t\t\t<\/div>\n\t\t\t\t\t<\/div>\n\t\t\t\t<\/div>\n\t\t\t\t<\/div>","protected":false},"excerpt":{"rendered":"<p>Pricing Bellyfiction 2026 Home Clear pricing &amp; optional upgrades Pricing Information Bellyfiction [&hellip;]<\/p>\n","protected":false},"author":1,"featured_media":0,"parent":0,"menu_order":0,"comment_status":"closed","ping_status":"closed","template":"elementor_header_footer","meta":{"footnotes":""},"class_list":["post-18259","page","type-page","status-publish","hentry"],"_links":{"self":[{"href":"https:\/\/www.bellyfiction.com\/de\/wp-json\/wp\/v2\/pages\/18259","targetHints":{"allow":["GET"]}}],"collection":[{"href":"https:\/\/www.bellyfiction.com\/de\/wp-json\/wp\/v2\/pages"}],"about":[{"href":"https:\/\/www.bellyfiction.com\/de\/wp-json\/wp\/v2\/types\/page"}],"author":[{"embeddable":true,"href":"https:\/\/www.bellyfiction.com\/de\/wp-json\/wp\/v2\/users\/1"}],"replies":[{"embeddable":true,"href":"https:\/\/www.bellyfiction.com\/de\/wp-json\/wp\/v2\/comments?post=18259"}],"version-history":[{"count":10,"href":"https:\/\/www.bellyfiction.com\/de\/wp-json\/wp\/v2\/pages\/18259\/revisions"}],"predecessor-version":[{"id":18608,"href":"https:\/\/www.bellyfiction.com\/de\/wp-json\/wp\/v2\/pages\/18259\/revisions\/18608"}],"wp:attachment":[{"href":"https:\/\/www.bellyfiction.com\/de\/wp-json\/wp\/v2\/media?parent=18259"}],"curies":[{"name":"wp","href":"https:\/\/api.w.org\/{rel}","templated":true}]}}